{"id":9,"date":"2021-05-07T16:38:08","date_gmt":"2021-05-07T16:38:08","guid":{"rendered":"https:\/\/barbaracastro.com.br\/wordpress\/?page_id=9"},"modified":"2025-06-24T14:43:08","modified_gmt":"2025-06-24T14:43:08","slug":"welcome-to-modern-wordpress-theme","status":"publish","type":"page","link":"https:\/\/barbaracastro.com.br\/wordpress\/","title":{"rendered":"Arte, natureza e dados"},"content":{"rendered":"\r\n<p><span style=\"font-family: Source Sans Pro;\">Ol\u00e1, sou artista-pesquisadora e designer com \u00eanfase na visualiza\u00e7\u00e3o art\u00edstica de dados. Minha atua\u00e7\u00e3o profissional incorpora a pr\u00e1tica em programa\u00e7\u00e3o criativa e pesquisa em arte computacional na curadoria e produ\u00e7\u00e3o de exposi\u00e7\u00f5es. Meu cotidiano, minhas aulas e minha pr\u00e1tica art\u00edstica s\u00e3o conduzidos pela conex\u00e3o com o corpo e com a natureza em uma reflex\u00e3o viva sobre o instinto de sobreviv\u00eancia e as culturas regenerativas.\u00a0<\/span><\/p>\r\n<p>\u00a0<a style=\"font-size: 0.8em; color: #05009b; text-decoration: none;\" href=\"https:\/\/www.instagram.com\/medialabuerj\">Profa. Adjunta. ESDI\/UERJ | Coordenadora MediaLAB UERJ<\/a><\/p>\r\n<p>&nbsp;<\/p>\r\n<p><a class=\"button\" href=\"https:\/\/barbaracastro.com.br\/wordpress\/sobre\/\">BIOGRAFIA<\/a> <\/p>","protected":false},"excerpt":{"rendered":"<div class=\"entry-summary\">\nOl\u00e1, sou artista-pesquisadora e designer com \u00eanfase na visualiza\u00e7\u00e3o art\u00edstica de dados. Minha atua\u00e7\u00e3o profissional incorpora a pr\u00e1tica em programa\u00e7\u00e3o&hellip;\n<\/div>\n<div class=\"link-more\"><a href=\"https:\/\/barbaracastro.com.br\/wordpress\/\" class=\"more-link\">Continue reading<span class=\"screen-reader-text\"> &ldquo;Arte, natureza e dados&rdquo;<\/span>&hellip;<\/a><\/div>\n","protected":false},"author":1,"featured_media":0,"parent":0,"menu_order":0,"comment_status":"closed","ping_status":"closed","template":"page-template\/_front.php","meta":{"_acf_changed":false,"jetpack_post_was_ever_published":false,"footnotes":""},"class_list":["post-9","page","type-page","status-publish","hentry","entry"],"acf":[],"jetpack-related-posts":[],"jetpack_sharing_enabled":true,"_links":{"self":[{"href":"https:\/\/barbaracastro.com.br\/wordpress\/wp-json\/wp\/v2\/pages\/9","targetHints":{"allow":["GET"]}}],"collection":[{"href":"https:\/\/barbaracastro.com.br\/wordpress\/wp-json\/wp\/v2\/pages"}],"about":[{"href":"https:\/\/barbaracastro.com.br\/wordpress\/wp-json\/wp\/v2\/types\/page"}],"author":[{"embeddable":true,"href":"https:\/\/barbaracastro.com.br\/wordpress\/wp-json\/wp\/v2\/users\/1"}],"replies":[{"embeddable":true,"href":"https:\/\/barbaracastro.com.br\/wordpress\/wp-json\/wp\/v2\/comments?post=9"}],"version-history":[{"count":12,"href":"https:\/\/barbaracastro.com.br\/wordpress\/wp-json\/wp\/v2\/pages\/9\/revisions"}],"predecessor-version":[{"id":1562,"href":"https:\/\/barbaracastro.com.br\/wordpress\/wp-json\/wp\/v2\/pages\/9\/revisions\/1562"}],"wp:attachment":[{"href":"https:\/\/barbaracastro.com.br\/wordpress\/wp-json\/wp\/v2\/media?parent=9"}],"curies":[{"name":"wp","href":"https:\/\/api.w.org\/{rel}","templated":true}]}}