{"id":1533,"date":"2021-06-29T20:42:59","date_gmt":"2021-06-29T20:42:59","guid":{"rendered":"https:\/\/barbaracastro.com.br\/wordpress\/?page_id=1533"},"modified":"2025-02-24T16:45:39","modified_gmt":"2025-02-24T16:45:39","slug":"curadorias","status":"publish","type":"page","link":"https:\/\/barbaracastro.com.br\/wordpress\/curadorias\/","title":{"rendered":"Curadorias"},"content":{"rendered":"<p>Como pesquisadora em arte e tecnologia e profissional de museus, ocupo pap\u00e9is diversos na conceitua\u00e7\u00e3o de exposi\u00e7\u00f5es. Ora como <strong>idealizadora<\/strong> que prop\u00f5e e concebe a exposi\u00e7\u00e3o desde o princ\u00edpio, ora como <strong>consultora<\/strong> atuando junto a equipes curatoriais de institui\u00e7\u00f5es culturais ou com pesquisadores especialistas no assunto. Por vezes, a assist\u00eancia curatorial envolve outros servi\u00e7os como design de exposi\u00e7\u00e3o com equipe coordenada da Ambos&amp;&amp;.<\/p>\n<p>2017 &#8211;<a href=\"http:\/\/ambos.art.br\/imaginary\/\"> IMAGINARY <\/a>| IMPA (Servi\u00e7o de assist\u00eancia curatorial) Curador : Diego Nehab<\/p>\n<p>2017\/2018 &#8211; <a href=\"http:\/\/ambos.art.br\/amigos-do-museu\/\">Amigos d&#8217;O Museu : 80 anos da Associa\u00e7\u00e3o de Amigos do Museu Nacional<\/a> | Museu Nacional \/ UFRJ (Servi\u00e7o de assist\u00eancia curatorial) Curadora: D\u00e9bora Pires<\/p>\n<p style=\"padding-left: 40px;\"><span style=\"color: #000000;\"><strong>2017 &#8211; <a style=\"color: #000000;\" href=\"http:\/\/ambos.art.br\/vamos-comer-tropicalia\/\">VAMOS COMER <\/a><\/strong>uma homenagem aos 50 anos da Tropic\u00e1lia | Espa\u00e7o Cultural BNDES (Idealiza\u00e7\u00e3o e curadoria | Exposi\u00e7\u00e3o autoral Ambos&amp;&amp;) Curadoria: Barbara Castro e Luiz Ludwig<\/span><\/p>\n<p>2018 &#8211; Ofisuka | Museu do Amanh\u00e3 (Consultoria criativa)<\/p>\n<p>2018 &#8211; <a href=\"http:\/\/ambos.art.br\/geometria-e-imaginacao\/\">Geometria e Imagina\u00e7\u00e3o<\/a> | International Congress of Mathematicians (Assist\u00eancia Curatorial) Curadoria: Humberto Bortolossi e Marco Moriconi<\/p>\n<p><strong>2018 &#8211; <a style=\"color: #000000;\" href=\"http:\/\/ambos.art.br\/existencia-numerica\/\">EXIST\u00caNCIA NUM\u00c9RICA<\/a> | Oi Futuro <\/strong> (Idealiza\u00e7\u00e3o e assist\u00eancia curatorial | Exposi\u00e7\u00e3o autoral Ambos&amp;&amp;) Idealiza\u00e7\u00e3o: Barbara Castro e Luiz Ludwig , Curadoria: Doris Kosminsky<\/p>\n<p><strong>2019 &#8211; <a href=\"http:\/\/ambos.art.br\/data-corpus\/\">Data Corpus<\/a> | Casa Firjan <\/strong> (Servi\u00e7o de dire\u00e7\u00e3o criativa e curadoria | Exposi\u00e7\u00e3o propriet\u00e1ria Casa Firjan) Curadoria: Karina Ara\u00fajo, Maria Isabel Oschery e Barbara Castro<\/p>\n<p>2019 &#8211; <a href=\"https:\/\/www.hipermuseus.com\/\">HIPERMUSEUS<\/a> (Mentora de Relev\u00e2ncia Digital)<\/p>\n<p>2019 &#8211; Museu de Arte do Rio (Consultoria Criativa para projeto durante planejamento estrat\u00e9gico)<\/p>\n<p>2020 &#8211; SESI (Consultoria em Arte e Tecnologia para novo espa\u00e7o de arte e ci\u00eancia)<\/p>\n<p>2021 &#8211; Jardim Mineral \/ ComCi\u00eancia (Servi\u00e7o de curadoria art\u00edstica e interlocu\u00e7\u00e3o em arte, ci\u00eancia e tecnologia)<\/p>\n<p>2022 &#8211; Recife Digital \/ Recife Digital Itinerante \/ Projeto Coral Vivo \/ Arraial D&#8217;Ajuda Bahia (Dire\u00e7\u00e3o de cria\u00e7\u00e3o e servi\u00e7os curatoriais)<\/p>\n<p>2024 <a href=\"http:\/\/www.existencianumerica.com.br\">Exist\u00eancia Num\u00e9rica Emerg\u00eancias<\/a> | Futuros Arte e Tecnologia | (Coordena\u00e7\u00e3o geral e cocuradoria)<\/p>\n","protected":false},"excerpt":{"rendered":"<div class=\"entry-summary\">\nComo pesquisadora em arte e tecnologia e profissional de museus, ocupo pap\u00e9is diversos na conceitua\u00e7\u00e3o de exposi\u00e7\u00f5es. Ora como idealizadora&hellip;\n<\/div>\n<div class=\"link-more\"><a href=\"https:\/\/barbaracastro.com.br\/wordpress\/curadorias\/\" class=\"more-link\">Continue reading<span class=\"screen-reader-text\"> &ldquo;Curadorias&rdquo;<\/span>&hellip;<\/a><\/div>\n","protected":false},"author":1,"featured_media":0,"parent":0,"menu_order":0,"comment_status":"closed","ping_status":"closed","template":"","meta":{"_acf_changed":false,"jetpack_post_was_ever_published":false,"footnotes":""},"class_list":["post-1533","page","type-page","status-publish","hentry","entry"],"acf":[],"jetpack-related-posts":[],"jetpack_sharing_enabled":true,"_links":{"self":[{"href":"https:\/\/barbaracastro.com.br\/wordpress\/wp-json\/wp\/v2\/pages\/1533","targetHints":{"allow":["GET"]}}],"collection":[{"href":"https:\/\/barbaracastro.com.br\/wordpress\/wp-json\/wp\/v2\/pages"}],"about":[{"href":"https:\/\/barbaracastro.com.br\/wordpress\/wp-json\/wp\/v2\/types\/page"}],"author":[{"embeddable":true,"href":"https:\/\/barbaracastro.com.br\/wordpress\/wp-json\/wp\/v2\/users\/1"}],"replies":[{"embeddable":true,"href":"https:\/\/barbaracastro.com.br\/wordpress\/wp-json\/wp\/v2\/comments?post=1533"}],"version-history":[{"count":6,"href":"https:\/\/barbaracastro.com.br\/wordpress\/wp-json\/wp\/v2\/pages\/1533\/revisions"}],"predecessor-version":[{"id":1555,"href":"https:\/\/barbaracastro.com.br\/wordpress\/wp-json\/wp\/v2\/pages\/1533\/revisions\/1555"}],"wp:attachment":[{"href":"https:\/\/barbaracastro.com.br\/wordpress\/wp-json\/wp\/v2\/media?parent=1533"}],"curies":[{"name":"wp","href":"https:\/\/api.w.org\/{rel}","templated":true}]}}