{"id":1520,"date":"2021-06-04T14:28:18","date_gmt":"2021-06-04T14:28:18","guid":{"rendered":"https:\/\/barbaracastro.com.br\/wordpress\/?page_id=1520"},"modified":"2026-04-16T12:14:53","modified_gmt":"2026-04-16T12:14:53","slug":"oficinas","status":"publish","type":"page","link":"https:\/\/barbaracastro.com.br\/wordpress\/oficinas\/","title":{"rendered":"Cursos e oficinas"},"content":{"rendered":"<p><strong>Infogr\u00e1ficos: como montar hist\u00f3rias visuais com dados<\/strong><br \/>\nCurso gratuito realizado com datalabe na <a href=\"https:\/\/coliga.digital\/cursos\/infograficos-como-contar-historias-visuais-com-dados\" target=\"_blank\" rel=\"noopener\">plataforma co.liga<\/a> da Funda\u00e7\u00e3o Roberto Marinho.<\/p>\n<p><strong>Programa\u00e7\u00e3o criativa com p5.js &#8211; Parte 1: Cores e formas<\/strong><br \/>\n<a href=\"https:\/\/homeostasislab.org\/cursos\/info\/121\" target=\"_blank\" rel=\"noopener\">Acesso gratuito na plataforma HomeostasisLab<\/a> V\u00eddeo + tutorial no OpenProcessing<\/p>\n<p><strong>Programa\u00e7\u00e3o criativa com p5.js &#8211; Parte 2: Imagens e transforma\u00e7\u00f5es <\/strong><br \/>\n<a href=\"https:\/\/homeostasislab.org\/cursos\/info\/122\" target=\"_blank\" rel=\"noopener\">Acesso gratuito na plataforma HomeostasisLab<\/a> V\u00eddeo + tutorial no OpenProcessing<\/p>\n<p><strong>Visualiza\u00e7\u00e3o art\u00edstica de dados com p5.js<\/strong><br \/>\n<a href=\"https:\/\/homeostasislab.org\/cursos\/info\/132\" target=\"_blank\" rel=\"noopener\">Acesso gratuito na plataforma HomeostasisLab<\/a> V\u00eddeo + tutorial no OpenProcessing<\/p>\n<p><strong>KEEP CALM AND CODE ON <\/strong>(em portugu\u00eas)<br \/>\nProcessing Community Day Rio 2020 | Museu do Amanh\u00e3<br \/>\n<a href=\"https:\/\/openprocessing.org\/sketch\/884687\">PARTE 1 &#8211; C\u00f3digo tranquilo<\/a><br \/>\n<a href=\"https:\/\/openprocessing.org\/sketch\/884829\">PARTE 2 &#8211; C\u00f3digo em Fluxo<\/a><\/p>\n<div class=\"jetpack-video-wrapper\"><iframe loading=\"lazy\" title=\"PCD @Rio 2020 - Keep Calm and Code On\" width=\"1200\" height=\"675\" src=\"https:\/\/www.youtube.com\/embed\/T75KbmDNNxo?list=PL1kvzKnK7ycBpk-2KdiqPrtBtEEL0INsq\" frameborder=\"0\" allow=\"accelerometer; autoplay; clipboard-write; encrypted-media; gyroscope; picture-in-picture; web-share\" referrerpolicy=\"strict-origin-when-cross-origin\" allowfullscreen><\/iframe><\/div>\n<p><strong>Workshop de padronagens generativas<br \/>\n<\/strong>Processing Community Day Brasil 2021<br \/>\n<a href=\"https:\/\/openprocessing.org\/sketch\/1161387\">C\u00f3digos dispon\u00edveis na plataforma OpenProcessing<\/a><\/p>\n<p><iframe title=\"YouTube video player\" src=\"https:\/\/www.youtube.com\/embed\/e2GCaV6ERKI\" frameborder=\"0\" allowfullscreen=\"allowfullscreen\"><span data-mce-type=\"bookmark\" style=\"display: inline-block; width: 0px; overflow: hidden; line-height: 0;\" class=\"mce_SELRES_start\">\ufeff<\/span><\/iframe><\/p>\n<p><a class=\"button\" href=\"http:\/\/ambos.art.br\/category\/oficinas\/\">+ OFICINAS NO SITE DA AMBOS&amp;<\/a><\/p>\n","protected":false},"excerpt":{"rendered":"<div class=\"entry-summary\">\nInfogr\u00e1ficos: como montar hist\u00f3rias visuais com dados Curso gratuito realizado com datalabe na plataforma co.liga da Funda\u00e7\u00e3o Roberto Marinho. Programa\u00e7\u00e3o&hellip;\n<\/div>\n<div class=\"link-more\"><a href=\"https:\/\/barbaracastro.com.br\/wordpress\/oficinas\/\" class=\"more-link\">Continue reading<span class=\"screen-reader-text\"> &ldquo;Cursos e oficinas&rdquo;<\/span>&hellip;<\/a><\/div>\n","protected":false},"author":1,"featured_media":0,"parent":0,"menu_order":0,"comment_status":"closed","ping_status":"closed","template":"","meta":{"_acf_changed":false,"jetpack_post_was_ever_published":false,"footnotes":""},"class_list":["post-1520","page","type-page","status-publish","hentry","entry"],"acf":[],"jetpack-related-posts":[],"jetpack_sharing_enabled":true,"_links":{"self":[{"href":"https:\/\/barbaracastro.com.br\/wordpress\/wp-json\/wp\/v2\/pages\/1520","targetHints":{"allow":["GET"]}}],"collection":[{"href":"https:\/\/barbaracastro.com.br\/wordpress\/wp-json\/wp\/v2\/pages"}],"about":[{"href":"https:\/\/barbaracastro.com.br\/wordpress\/wp-json\/wp\/v2\/types\/page"}],"author":[{"embeddable":true,"href":"https:\/\/barbaracastro.com.br\/wordpress\/wp-json\/wp\/v2\/users\/1"}],"replies":[{"embeddable":true,"href":"https:\/\/barbaracastro.com.br\/wordpress\/wp-json\/wp\/v2\/comments?post=1520"}],"version-history":[{"count":6,"href":"https:\/\/barbaracastro.com.br\/wordpress\/wp-json\/wp\/v2\/pages\/1520\/revisions"}],"predecessor-version":[{"id":1576,"href":"https:\/\/barbaracastro.com.br\/wordpress\/wp-json\/wp\/v2\/pages\/1520\/revisions\/1576"}],"wp:attachment":[{"href":"https:\/\/barbaracastro.com.br\/wordpress\/wp-json\/wp\/v2\/media?parent=1520"}],"curies":[{"name":"wp","href":"https:\/\/api.w.org\/{rel}","templated":true}]}}