{"id":1518,"date":"2021-06-04T14:16:59","date_gmt":"2021-06-04T14:16:59","guid":{"rendered":"https:\/\/barbaracastro.com.br\/wordpress\/?page_id=1518"},"modified":"2026-04-16T11:49:29","modified_gmt":"2026-04-16T11:49:29","slug":"palestras","status":"publish","type":"page","link":"https:\/\/barbaracastro.com.br\/wordpress\/palestras\/","title":{"rendered":"Palestras"},"content":{"rendered":"<p>ENTREVISTA PARA O CANAL ARTE1 exibido em 12 de maio de 2018<br \/>\n<strong>Design de intera\u00e7\u00e3o no est\u00fadio Ambos&amp;&amp;<\/strong><\/p>\n<div class=\"jetpack-video-wrapper\"><iframe loading=\"lazy\" title=\"Design de intera\u00e7\u00e3o para o Estilo Arte1 com Barbara Castro\" width=\"1200\" height=\"675\" src=\"https:\/\/www.youtube.com\/embed\/xjTeuBV3GBg?feature=oembed\" frameborder=\"0\" allow=\"accelerometer; autoplay; clipboard-write; encrypted-media; gyroscope; picture-in-picture; web-share\" referrerpolicy=\"strict-origin-when-cross-origin\" allowfullscreen><\/iframe><\/div>\n<p>&nbsp;<\/p>\n<p>Ciclo ACT &#8211; USP S\u00e3o Carlos | 26\/11\/2026<br \/>\n<strong>Visualiza\u00e7\u00e3o art\u00edstica de dados: das met\u00e1foras \u00e0 visceraliza\u00e7\u00e3o<\/strong><\/p>\n<div class=\"jetpack-video-wrapper\"><iframe loading=\"lazy\" title=\"Ciclo ACT - Visualiza\u00e7\u00e3o art\u00edstica de dados: das met\u00e1foras \u00e0 visceraliza\u00e7\u00e3o\" width=\"1200\" height=\"675\" src=\"https:\/\/www.youtube.com\/embed\/l7jWE_Ck0KU?feature=oembed\" frameborder=\"0\" allow=\"accelerometer; autoplay; clipboard-write; encrypted-media; gyroscope; picture-in-picture; web-share\" referrerpolicy=\"strict-origin-when-cross-origin\" allowfullscreen><\/iframe><\/div>\n<p>&nbsp;<\/p>\n<p>PALESTRA PARA O MEETUP DE DATAVIZ &#8211; FAMOUS FRIENDS exibido em 17\/07\/2021<br \/>\n<strong>Visualiza\u00e7\u00e3o art\u00edsticas de dados<\/strong><\/p>\n<div class=\"jetpack-video-wrapper\"><iframe loading=\"lazy\" title=\"Barbara Castro: Visualiza\u00e7\u00e3o de dados: arte, sensibilidade e exposi\u00e7\u00e3o\" width=\"1200\" height=\"675\" src=\"https:\/\/www.youtube.com\/embed\/deixIi81DjU?feature=oembed\" frameborder=\"0\" allow=\"accelerometer; autoplay; clipboard-write; encrypted-media; gyroscope; picture-in-picture; web-share\" referrerpolicy=\"strict-origin-when-cross-origin\" allowfullscreen><\/iframe><\/div>\n<p>&nbsp;<br \/>\n&nbsp;<\/p>\n<p>KEYNOTE para o LIVING TOMORROW The Caring City | Swissnex | 5\/11\/2020<br \/>\n<strong>Visualiza\u00e7\u00e3o de dados como meio de sensibiliza\u00e7\u00e3o (em ingl\u00eas<\/strong>)<\/p>\n<div class=\"jetpack-video-wrapper\"><iframe loading=\"lazy\" title=\"LivingTomorrow: The Caring City\" width=\"1200\" height=\"675\" src=\"https:\/\/www.youtube.com\/embed\/Lt2qWLKCk_I?start=324&#038;feature=oembed\" frameborder=\"0\" allow=\"accelerometer; autoplay; clipboard-write; encrypted-media; gyroscope; picture-in-picture; web-share\" referrerpolicy=\"strict-origin-when-cross-origin\" allowfullscreen><\/iframe><\/div>\n<p>&nbsp;<br \/>\n&nbsp;<\/p>\n<p>PROCESSING COMMUNITY DAY BRASIL 2022 | 13\/11\/2022<br \/>\n<strong>Processing + Dados: entre a arte e o design<\/strong><\/p>\n<div class=\"jetpack-video-wrapper\"><iframe loading=\"lazy\" title=\"Palestra: Processing + Dados : entre a arte e o design\" width=\"1200\" height=\"675\" src=\"https:\/\/www.youtube.com\/embed\/wfrmim_rUPQ?feature=oembed\" frameborder=\"0\" allow=\"accelerometer; autoplay; clipboard-write; encrypted-media; gyroscope; picture-in-picture; web-share\" referrerpolicy=\"strict-origin-when-cross-origin\" allowfullscreen><\/iframe><\/div>\n<p>&nbsp;<br \/>\n&nbsp;<\/p>\n<p>LIVE ABRE-TE C\u00d3DIGO Instituto Goethe | 25\/11\/2020<br \/>\n<strong>Dados e visualiza\u00e7\u00e3o para museus<\/strong><\/p>\n<div class=\"jetpack-video-wrapper\"><iframe loading=\"lazy\" title=\"Abre -te C\u00f3digo | Visualiza\u00e7\u00e3o de dados\" width=\"1200\" height=\"675\" src=\"https:\/\/www.youtube.com\/embed\/XXjk0CqVR-4?start=1505&#038;feature=oembed\" frameborder=\"0\" allow=\"accelerometer; autoplay; clipboard-write; encrypted-media; gyroscope; picture-in-picture; web-share\" referrerpolicy=\"strict-origin-when-cross-origin\" allowfullscreen><\/iframe><\/div>\n<p>&nbsp;<\/p>\n<p><a class=\"button\" href=\"http:\/\/ambos.art.br\/category\/oficinas\/\">+ PALESTRAS NO SITE DA AMBOS&#038;&#038;<\/a><\/p>\n","protected":false},"excerpt":{"rendered":"<div class=\"entry-summary\">\nENTREVISTA PARA O CANAL ARTE1 exibido em 12 de maio de 2018 Design de intera\u00e7\u00e3o no est\u00fadio Ambos&amp;&amp; &nbsp; Ciclo&hellip;\n<\/div>\n<div class=\"link-more\"><a href=\"https:\/\/barbaracastro.com.br\/wordpress\/palestras\/\" class=\"more-link\">Continue reading<span class=\"screen-reader-text\"> &ldquo;Palestras&rdquo;<\/span>&hellip;<\/a><\/div>\n","protected":false},"author":1,"featured_media":0,"parent":0,"menu_order":0,"comment_status":"closed","ping_status":"closed","template":"","meta":{"_acf_changed":false,"jetpack_post_was_ever_published":false,"footnotes":""},"class_list":["post-1518","page","type-page","status-publish","hentry","entry"],"acf":[],"jetpack-related-posts":[],"jetpack_sharing_enabled":true,"_links":{"self":[{"href":"https:\/\/barbaracastro.com.br\/wordpress\/wp-json\/wp\/v2\/pages\/1518","targetHints":{"allow":["GET"]}}],"collection":[{"href":"https:\/\/barbaracastro.com.br\/wordpress\/wp-json\/wp\/v2\/pages"}],"about":[{"href":"https:\/\/barbaracastro.com.br\/wordpress\/wp-json\/wp\/v2\/types\/page"}],"author":[{"embeddable":true,"href":"https:\/\/barbaracastro.com.br\/wordpress\/wp-json\/wp\/v2\/users\/1"}],"replies":[{"embeddable":true,"href":"https:\/\/barbaracastro.com.br\/wordpress\/wp-json\/wp\/v2\/comments?post=1518"}],"version-history":[{"count":6,"href":"https:\/\/barbaracastro.com.br\/wordpress\/wp-json\/wp\/v2\/pages\/1518\/revisions"}],"predecessor-version":[{"id":1545,"href":"https:\/\/barbaracastro.com.br\/wordpress\/wp-json\/wp\/v2\/pages\/1518\/revisions\/1545"}],"wp:attachment":[{"href":"https:\/\/barbaracastro.com.br\/wordpress\/wp-json\/wp\/v2\/media?parent=1518"}],"curies":[{"name":"wp","href":"https:\/\/api.w.org\/{rel}","templated":true}]}}