{"id":1506,"date":"2021-06-03T23:39:13","date_gmt":"2021-06-03T23:39:13","guid":{"rendered":"https:\/\/barbaracastro.com.br\/wordpress\/?page_id=1506"},"modified":"2025-02-24T15:02:47","modified_gmt":"2025-02-24T15:02:47","slug":"publicacoes","status":"publish","type":"page","link":"https:\/\/barbaracastro.com.br\/wordpress\/publicacoes\/","title":{"rendered":"Publica\u00e7\u00f5es"},"content":{"rendered":"<h4>LIVROS<\/h4>\n<p>&nbsp;<\/p>\n<p><strong><img data-recalc-dims=\"1\" loading=\"lazy\" decoding=\"async\" class=\"alignleft \" src=\"https:\/\/i0.wp.com\/www.existencianumerica.com.br\/images\/existencia-emergencias.jpg?resize=298%2C298&#038;ssl=1\" alt=\"Capa do livro Exist\u00eancia Num\u00e9rica: Emerg\u00eancias.\" width=\"298\" height=\"298\" \/>EXIST\u00caNCIA NUM\u00c9RICA: EMERG\u00caNCIAS<\/strong><br \/>\n2024.<\/p>\n<p>Organiza\u00e7\u00e3o: Barbara Castro, Luiz Ludwig e Doris Kosminsky.<\/p>\n<p><a class=\"button\" href=\"https:\/\/www.amazon.com.br\/Exist%C3%AAncia-Num%C3%A9rica-Doris-Kosminsky\/dp\/8594970358\/ref=sr_1_1?__mk_pt_BR=%C3%85M%C3%85%C5%BD%C3%95%C3%91&amp;dchild=1&amp;keywords=existencia+numerica&amp;m=A182YBQIL2R374&amp;qid=1622762761&amp;s=merchant-items&amp;sr=1-1\">FA\u00c7A DOWNLOAD<\/a><\/p>\n<h4><\/h4>\n<p>&nbsp;<\/p>\n<p><img data-recalc-dims=\"1\" loading=\"lazy\" decoding=\"async\" data-attachment-id=\"1507\" data-permalink=\"https:\/\/barbaracastro.com.br\/wordpress\/publicacoes\/livro-existencianumerica\/\" data-orig-file=\"https:\/\/i0.wp.com\/barbaracastro.com.br\/wordpress\/wp-content\/uploads\/2021\/06\/livro-existencianumerica.jpg?fit=2268%2C2268&amp;ssl=1\" data-orig-size=\"2268,2268\" data-comments-opened=\"1\" data-image-meta=\"{&quot;aperture&quot;:&quot;1.7&quot;,&quot;credit&quot;:&quot;&quot;,&quot;camera&quot;:&quot;SM-G930F&quot;,&quot;caption&quot;:&quot;&quot;,&quot;created_timestamp&quot;:&quot;1567095317&quot;,&quot;copyright&quot;:&quot;&quot;,&quot;focal_length&quot;:&quot;4.2&quot;,&quot;iso&quot;:&quot;160&quot;,&quot;shutter_speed&quot;:&quot;0.016666666666667&quot;,&quot;title&quot;:&quot;&quot;,&quot;orientation&quot;:&quot;1&quot;}\" data-image-title=\"livro-existencianumerica\" data-image-description=\"\" data-image-caption=\"\" data-medium-file=\"https:\/\/i0.wp.com\/barbaracastro.com.br\/wordpress\/wp-content\/uploads\/2021\/06\/livro-existencianumerica.jpg?fit=300%2C300&amp;ssl=1\" data-large-file=\"https:\/\/i0.wp.com\/barbaracastro.com.br\/wordpress\/wp-content\/uploads\/2021\/06\/livro-existencianumerica.jpg?fit=1024%2C1024&amp;ssl=1\" class=\"alignleft wp-image-1507 size-medium\" src=\"https:\/\/i0.wp.com\/barbaracastro.com.br\/wordpress\/wp-content\/uploads\/2021\/06\/livro-existencianumerica-300x300.jpg?resize=300%2C300&#038;ssl=1\" alt=\"\" width=\"300\" height=\"300\" srcset=\"https:\/\/i0.wp.com\/barbaracastro.com.br\/wordpress\/wp-content\/uploads\/2021\/06\/livro-existencianumerica.jpg?resize=300%2C300&amp;ssl=1 300w, https:\/\/i0.wp.com\/barbaracastro.com.br\/wordpress\/wp-content\/uploads\/2021\/06\/livro-existencianumerica.jpg?resize=1024%2C1024&amp;ssl=1 1024w, https:\/\/i0.wp.com\/barbaracastro.com.br\/wordpress\/wp-content\/uploads\/2021\/06\/livro-existencianumerica.jpg?resize=150%2C150&amp;ssl=1 150w, https:\/\/i0.wp.com\/barbaracastro.com.br\/wordpress\/wp-content\/uploads\/2021\/06\/livro-existencianumerica.jpg?resize=768%2C768&amp;ssl=1 768w, https:\/\/i0.wp.com\/barbaracastro.com.br\/wordpress\/wp-content\/uploads\/2021\/06\/livro-existencianumerica.jpg?resize=1536%2C1536&amp;ssl=1 1536w, https:\/\/i0.wp.com\/barbaracastro.com.br\/wordpress\/wp-content\/uploads\/2021\/06\/livro-existencianumerica.jpg?resize=2048%2C2048&amp;ssl=1 2048w, https:\/\/i0.wp.com\/barbaracastro.com.br\/wordpress\/wp-content\/uploads\/2021\/06\/livro-existencianumerica.jpg?resize=50%2C50&amp;ssl=1 50w\" sizes=\"auto, (max-width: 300px) 100vw, 300px\" \/><\/p>\n<p><strong>EXIST\u00caNCIA NUM\u00c9RICA<\/strong><br \/>\nRioBooks 2018.<\/p>\n<p>Organiza\u00e7\u00e3o: Doris Kosminsky, Barbara Castro e Luiz Ludwig.<\/p>\n<p><a class=\"button\" href=\"https:\/\/www.amazon.com.br\/Exist%C3%AAncia-Num%C3%A9rica-Doris-Kosminsky\/dp\/8594970358\/ref=sr_1_1?__mk_pt_BR=%C3%85M%C3%85%C5%BD%C3%95%C3%91&amp;dchild=1&amp;keywords=existencia+numerica&amp;m=A182YBQIL2R374&amp;qid=1622762761&amp;s=merchant-items&amp;sr=1-1\">ADQUIRA J\u00c1<\/a><\/p>\n<h4><\/h4>\n<p>&nbsp;<\/p>\n<h4><\/h4>\n<h4>ARTIGOS E CAP\u00cdTULOS<\/h4>\n<div class=\"layout-cell layout-cell-1 text-align-right\">\n<div class=\"layout-cell-pad-5 text-align-right\">\n<p>LUDWIG, L. T.\u00a0;\u00a0CASTRO, B.\u00a0;\u00a0KOSMINSKY, D.\u00a0. <strong>Numerical Existence: Reflections on Curating Artistic Data Visualization Exhibitions.<\/strong> In: Visualization and Arts Program VISAP &#8211; IEEE Vis, 2024, Tampa, Florida. 2024 IEEE VIS Arts Program (VISAP). Danvers: IEEE Computer Society Conference Publishing Services (CPS), 2024. v. 1. p. 69-77.<\/p>\n<p>CASTRO, B.;\u00a0KOSMINSKY, D.\u00a0.<strong> Instintos po\u00e9ticos: gestos de conex\u00e3o multiesp\u00e9cie em processos de cria\u00e7\u00e3o art\u00edstica.<\/strong> LUGAR COMUM, v. 1, p. 230-260, 2023. Dispon\u00edvel em: <a href=\"https:\/\/revistas.ufrj.br\/index.php\/lc\/article\/view\/62394\">https:\/\/revistas.ufrj.br\/index.php\/lc\/article\/view\/62394<\/a><\/p>\n<p>MALAGUTI, D.; CASTRO, B., COELHO, B. NASCIMENTO, J. DEISS, I. <strong>Ensino de design para culturas regenerativas: uma parceria entre Universidade e Unidades de Conserva\u00e7\u00e3o federais no Rio de Janeiro.<\/strong> ENSUS 2023 \u2013 XI Encontro de Sustentabilidade em Projeto \u2013 UFSC, p. 110-122. DOI:\u00a0<a href=\"https:\/\/doi.org\/10.29183\/2596-237x.ensus2023.v11.n1.p110-122\">https:\/\/doi.org\/10.29183\/2596-237x.ensus2023.v11.n1.p110-122<\/a><\/p>\n<p>CASTRO, B.. <strong>Exposi\u00e7\u00e3o com dados: relatos da curadoria de Exist\u00eancia num\u00e9rica\u00a0e\u00a0 Data\u00a0corpus.<\/strong> In: Giannela, J\u00falia Rabetti; Medeiros, Rodrigo Pessoa. (Org.). DATAVIZ EM PERSPECTIVA: ENSINO E PR\u00c1TICA PROFISSIONAL DA VISUALIZA\u00c7\u00c3O DE DADOS NO DESIGN BRASILEIRO. 1ed.Rio de Janeiro: Rio Books, 2023, v. , p. 135-144.<\/p>\n<p>CASTRO, B.<span style=\"background-color: var(--color_content_background); color: var(--color_content_text); font-family: var(--typography_fonts_text);\">;\u00a0<\/span>KOSMINSKY, D.<span style=\"background-color: var(--color_content_background); color: var(--color_content_text); font-family: var(--typography_fonts_text);\"> .<strong> Poetic Instinct &#8211; Aesthetic a Vital Function.<\/strong> In: International Symposium of Electronic Arts, 2017, Manizales. ISEA 2017 &#8211; Bio-Creation and Peace Conference Proceedings. Manizales: Department of Visual Design, Universidad de Caldas, 2017. p. 221-228.<\/span><\/p>\n<p><span style=\"background-color: var(--color_content_background); color: var(--color_content_text); font-family: var(--typography_fonts_text);\">CASTRO, B.<\/span><span style=\"background-color: var(--color_content_background); color: var(--color_content_text); font-family: var(--typography_fonts_text);\">. <\/span><strong style=\"background-color: var(--color_content_background); color: var(--color_content_text); font-family: var(--typography_fonts_text);\">Olhar, Semear, Programar: Pr\u00e1ticas Ressonantes entre Arte e Tecnologia.<\/strong><span style=\"background-color: var(--color_content_background); color: var(--color_content_text); font-family: var(--typography_fonts_text);\"> In: Carlos Augusto M. da N\u00f3brega; Maria Luiza P. G. Fragoso. (Org.). HIPERORG\u00c2NICOS RESSON\u00c2NCIAS. ARTE, HIBRIDA\u00c7\u00c3O E BIOTELEM\u00c1TICA. 1ed.Rio de Janeiro: Rio Book&#8217;s, 2016, v. 1, p. 208-217.<\/span><\/p>\n<p>CASTRO, Barbara<span style=\"background-color: var(--color_content_background); color: var(--color_content_text); font-family: var(--typography_fonts_text);\">;\u00a0<\/span><span style=\"background-color: var(--color_content_background); color: var(--color_content_text); font-family: var(--typography_fonts_text);\">MOLGADO, V.<\/span><span style=\"background-color: var(--color_content_background); color: var(--color_content_text); font-family: var(--typography_fonts_text);\">\u00a0;\u00a0<\/span><span style=\"background-color: var(--color_content_background); color: var(--color_content_text); font-family: var(--typography_fonts_text);\">DEFAVERI, I.<\/span><span style=\"background-color: var(--color_content_background); color: var(--color_content_text); font-family: var(--typography_fonts_text);\">\u00a0;\u00a0<\/span><span style=\"background-color: var(--color_content_background); color: var(--color_content_text); font-family: var(--typography_fonts_text);\">KOSMINSKY, D.<\/span><span style=\"background-color: var(--color_content_background); color: var(--color_content_text); font-family: var(--typography_fonts_text);\">\u00a0. <\/span><strong style=\"background-color: var(--color_content_background); color: var(--color_content_text); font-family: var(--typography_fonts_text);\">Lifelogging: a rela\u00e7\u00e3o arte-vida na arte computacional.<\/strong><span style=\"background-color: var(--color_content_background); color: var(--color_content_text); font-family: var(--typography_fonts_text);\"> In: #14.ART Encontro Internacional de Arte e Tecnologia, 2015, Aveiro. #14.ART Encontro Internacional de Arte e Tecnologia &#8211; Arte e Desenvolvimento Humano. Aveiro: UA Editora, University of Aveiro, 2015. p. 245-248.<\/span><\/p>\n<p><span style=\"background-color: var(--color_content_background); color: var(--color_content_text); font-family: var(--typography_fonts_text);\">CASTRO, B.<\/span><span style=\"background-color: var(--color_content_background); color: var(--color_content_text); font-family: var(--typography_fonts_text);\">;\u00a0KOSMINSKY, D.\u00a0;\u00a0VELHO, L.\u00a0. <\/span><strong style=\"background-color: var(--color_content_background); color: var(--color_content_text); font-family: var(--typography_fonts_text);\">Corporeal Interval: sensory indeterminacy as the poetic bloom of interactive art.<\/strong><span style=\"background-color: var(--color_content_background); color: var(--color_content_text); font-family: var(--typography_fonts_text);\"> In: Re-new Digital Arts Forum, 2013, Copenhagen, Dinamarca. The Big Picture &#8211; the confluence of art, science and technology. Copenhagen: Re-new Digital Arts Forum, 2013. v. 1. p. 160-166.<\/span><\/p>\n<\/div>\n<\/div>\n<div class=\"layout-cell layout-cell-1 text-align-right\">\n<div><\/div>\n<div class=\"layout-cell-pad-5\">CASTRO, B. P.;\u00a0VELHO, L.\u00a0;\u00a0KOSMINSKY, D.\u00a0. <strong>Integrarte: digital art using body interaction.<\/strong> In: EXPRESSIVE &#8211; Computational Aesthetics, 2012, Annecy, Fran\u00e7a. International Symposium on Computational Aesthetics in Graphics, Visualization, and Imaging. Goslar, Alemanha: Eurographics Association, 2012. p. 11-15.<\/div>\n<div><\/div>\n<\/div>\n<div><\/div>\n<div class=\"layout-cell-pad-5\">KOSMINSKY, D.\u00a0;\u00a0CASTRO, B. P.\u00a0. <strong>Imagem e C\u00f3digo: Novos paradigmas para arte?<\/strong>. In: Congresso Internacional de Arte, Novas Tecnologias e Comunica\u00e7\u00e3o, 2012, Brumadinho. CIANTEC?12 &#8211; V congresso internacional em artes, novas tecnologias e comunica\u00e7\u00e3o: as imbrica\u00e7\u00f5es da cultura contempor\u00e2nea \u00e0 popular. S\u00e3o Paulo: PMStudium Com. E Design, 2012. v. 1. p. 230-235.<\/div>\n<div><\/div>\n<div><\/div>\n<div><a class=\"button\" href=\"http:\/\/lattes.cnpq.br\/8155653831955794\">LATTES\u00a0 <\/a>\u00a0 <a class=\"button\" href=\"https:\/\/www.researchgate.net\/profile\/Barbara-Castro-4\">RESEARCH GATE<\/a><\/div>\n","protected":false},"excerpt":{"rendered":"<div class=\"entry-summary\">\nLIVROS &nbsp; EXIST\u00caNCIA NUM\u00c9RICA: EMERG\u00caNCIAS 2024. Organiza\u00e7\u00e3o: Barbara Castro, Luiz Ludwig e Doris Kosminsky. FA\u00c7A DOWNLOAD &nbsp; EXIST\u00caNCIA NUM\u00c9RICA RioBooks&hellip;\n<\/div>\n<div class=\"link-more\"><a href=\"https:\/\/barbaracastro.com.br\/wordpress\/publicacoes\/\" class=\"more-link\">Continue reading<span class=\"screen-reader-text\"> &ldquo;Publica\u00e7\u00f5es&rdquo;<\/span>&hellip;<\/a><\/div>\n","protected":false},"author":1,"featured_media":0,"parent":0,"menu_order":0,"comment_status":"closed","ping_status":"closed","template":"","meta":{"_acf_changed":false,"jetpack_post_was_ever_published":false,"footnotes":""},"class_list":["post-1506","page","type-page","status-publish","hentry","entry"],"acf":[],"jetpack-related-posts":[],"jetpack_sharing_enabled":true,"_links":{"self":[{"href":"https:\/\/barbaracastro.com.br\/wordpress\/wp-json\/wp\/v2\/pages\/1506","targetHints":{"allow":["GET"]}}],"collection":[{"href":"https:\/\/barbaracastro.com.br\/wordpress\/wp-json\/wp\/v2\/pages"}],"about":[{"href":"https:\/\/barbaracastro.com.br\/wordpress\/wp-json\/wp\/v2\/types\/page"}],"author":[{"embeddable":true,"href":"https:\/\/barbaracastro.com.br\/wordpress\/wp-json\/wp\/v2\/users\/1"}],"replies":[{"embeddable":true,"href":"https:\/\/barbaracastro.com.br\/wordpress\/wp-json\/wp\/v2\/comments?post=1506"}],"version-history":[{"count":11,"href":"https:\/\/barbaracastro.com.br\/wordpress\/wp-json\/wp\/v2\/pages\/1506\/revisions"}],"predecessor-version":[{"id":1554,"href":"https:\/\/barbaracastro.com.br\/wordpress\/wp-json\/wp\/v2\/pages\/1506\/revisions\/1554"}],"wp:attachment":[{"href":"https:\/\/barbaracastro.com.br\/wordpress\/wp-json\/wp\/v2\/media?parent=1506"}],"curies":[{"name":"wp","href":"https:\/\/api.w.org\/{rel}","templated":true}]}}