{"id":10,"date":"2021-05-07T16:38:08","date_gmt":"2021-05-07T16:38:08","guid":{"rendered":"https:\/\/barbaracastro.com.br\/wordpress\/?page_id=10"},"modified":"2025-06-24T14:42:01","modified_gmt":"2025-06-24T14:42:01","slug":"sobre","status":"publish","type":"page","link":"https:\/\/barbaracastro.com.br\/wordpress\/sobre\/","title":{"rendered":"Sobre"},"content":{"rendered":"\r\n<p>Ol\u00e1, meu nome \u00e9 Barbara Castro. Sou artista-pesquisadora e designer com \u00eanfase na visualiza\u00e7\u00e3o art\u00edstica de dados. Minha atua\u00e7\u00e3o profissional incorpora a pr\u00e1tica em programa\u00e7\u00e3o criativa e pesquisa em arte computacional na curadoria e produ\u00e7\u00e3o de exposi\u00e7\u00f5es.<\/p>\r\n<p>Vivi por 15 anos em uma das maiores florestas urbanas do mundo, a Floresta da Tijuca, no Rio de Janeiro. Durante esses anos desenvolvi uma conex\u00e3o profunda com a natureza que aprofundou os valores de conserva\u00e7\u00e3o ambiental com os quais fui criada. Essa viv\u00eancia guiou minha pesquisa de doutorado sobre Instinto de sobreviv\u00eancia e experi\u00eancia est\u00e9tica. Entre 2018 e 2022, fui professora na PUC-Rio na disciplina de projetos socioambientais e culturas regenerativas e tamb\u00e9m lecionei sobre o desenvolvimento sustent\u00e1vel, cr\u00edtico e experimental de novas tecnologias. A partir de 2023, assumo como professora Adjunta na Escola Superior de Desenho Industrial da UERJ, primeira escola de design do pa\u00eds. Na ESDI, assumo disciplinas relacionas \u00e0 design de intera\u00e7\u00e3o, experimenta\u00e7\u00e3o e arte. Na ESDI, fundei o MediaLAB UERJ com objetivo de incentivar nossa comunidade de programa\u00e7\u00e3o criativa e estabelecer parcerias com institui\u00e7\u00f5es culturais e educativas.<\/p>\r\n<p>No decorrer de minha\u00a0pr\u00e1tica enquanto designer e artista fundei a <a href=\"http:\/\/barbaracastro.com.br\/www.ambos.art.br\">Ambos&amp;&amp;<\/a>, um est\u00fadio que atua com institui\u00e7\u00f5es culturais e educativas. A pr\u00e1tica e a teoria se integram em parcerias com outros artistas, pesquisadores, cientistas e educadores, aproximando museus e universidades. O est\u00fadio oferece servi\u00e7os intelectuais de pesquisa e consultoria para curadoria de exposi\u00e7\u00f5es e servi\u00e7os criativos como instala\u00e7\u00f5es interativas, visualiza\u00e7\u00e3o de dados, proje\u00e7\u00e3o mapeada e design de exposi\u00e7\u00e3o. Tamb\u00e9m realizamos projetos autorais pela Ambos&amp;&amp;. Desde 2014,\u00a0 j\u00e1 realizamos projetos no Centro Cultural Banco do Brasil (todas unidades), Museu Nacional e Oi Futuro.\u00a0 Algumas institui\u00e7\u00f5es que j\u00e1 contrataram pesquisa e consultoria foram Casa Firjan, Museu do Amanh\u00e3, Museu de Arte do Rio e SESI.<\/p>\r\n<p>Da minha trajet\u00f3ria, mantenho trocas constantes e colabora\u00e7\u00f5es eventuais com os grupos de pesquisa que foram fundamentais na minha forma\u00e7\u00e3o como artista-pesquisadora-programadora: <span style=\"color: #333333;\"><a style=\"color: #333333;\" href=\"http:\/\/labvis.eba.ufrj.br\/\">LabVis\/UFRJ<\/a><\/span> \u2013 coordenado por Doris Kosminsky<a href=\"http:\/\/labvis.eba.ufrj.br\/\">\u00a0<\/a>, <span style=\"color: #333333;\"><a style=\"color: #333333;\" href=\"http:\/\/nano.eba.ufrj.br\/\">NANO\/UFRJ<\/a><\/span> \u2013 coordenado por Guto N\u00f3brega e Malu Fragoso\u00a0e<a href=\"http:\/\/www.visgraf.impa.br\/\">\u00a0<span style=\"color: #333333;\">VISGRAF\/IMPA<\/span><\/a> \u2013 coordenado por Luiz Velho.\u00a0<\/p>\r\n","protected":false},"excerpt":{"rendered":"<div class=\"entry-summary\">\nOl\u00e1, meu nome \u00e9 Barbara Castro. Sou artista-pesquisadora e designer com \u00eanfase na visualiza\u00e7\u00e3o art\u00edstica de dados. Minha atua\u00e7\u00e3o profissional&hellip;\n<\/div>\n<div class=\"link-more\"><a href=\"https:\/\/barbaracastro.com.br\/wordpress\/sobre\/\" class=\"more-link\">Continue reading<span class=\"screen-reader-text\"> &ldquo;Sobre&rdquo;<\/span>&hellip;<\/a><\/div>\n","protected":false},"author":1,"featured_media":50,"parent":0,"menu_order":0,"comment_status":"closed","ping_status":"closed","template":"page-template\/_sidebar.php","meta":{"_acf_changed":false,"jetpack_post_was_ever_published":false,"footnotes":""},"class_list":["post-10","page","type-page","status-publish","has-post-thumbnail","hentry","entry"],"acf":[],"jetpack-related-posts":[],"jetpack_sharing_enabled":true,"_links":{"self":[{"href":"https:\/\/barbaracastro.com.br\/wordpress\/wp-json\/wp\/v2\/pages\/10","targetHints":{"allow":["GET"]}}],"collection":[{"href":"https:\/\/barbaracastro.com.br\/wordpress\/wp-json\/wp\/v2\/pages"}],"about":[{"href":"https:\/\/barbaracastro.com.br\/wordpress\/wp-json\/wp\/v2\/types\/page"}],"author":[{"embeddable":true,"href":"https:\/\/barbaracastro.com.br\/wordpress\/wp-json\/wp\/v2\/users\/1"}],"replies":[{"embeddable":true,"href":"https:\/\/barbaracastro.com.br\/wordpress\/wp-json\/wp\/v2\/comments?post=10"}],"version-history":[{"count":8,"href":"https:\/\/barbaracastro.com.br\/wordpress\/wp-json\/wp\/v2\/pages\/10\/revisions"}],"predecessor-version":[{"id":1561,"href":"https:\/\/barbaracastro.com.br\/wordpress\/wp-json\/wp\/v2\/pages\/10\/revisions\/1561"}],"wp:featuredmedia":[{"embeddable":true,"href":"https:\/\/barbaracastro.com.br\/wordpress\/wp-json\/wp\/v2\/media\/50"}],"wp:attachment":[{"href":"https:\/\/barbaracastro.com.br\/wordpress\/wp-json\/wp\/v2\/media?parent=10"}],"curies":[{"name":"wp","href":"https:\/\/api.w.org\/{rel}","templated":true}]}}